{"id":2,"date":"2022-11-04T09:57:31","date_gmt":"2022-11-04T12:57:31","guid":{"rendered":"https:\/\/mtb.cms.gl\/?page_id=2"},"modified":"2023-05-23T10:13:01","modified_gmt":"2023-05-23T12:13:01","slug":"eksempel-side","status":"publish","type":"page","link":"https:\/\/mtb.gl\/kl\/","title":{"rendered":"Velkommen"},"content":{"rendered":"\n<figure class=\"wp-block-video\"><video height=\"1080\" style=\"aspect-ratio: 1920 \/ 1080;\" width=\"1920\" controls src=\"https:\/\/mtb.cms.gl\/wp-content\/uploads\/2022\/11\/2016_mtb_TV_reklame_dansk.mp4\"><\/video><\/figure>\n\n\n\n<p>Maniitsoq Tour Boat ApS er et lille rederi der har 3 b\u00e5de: BOLATTA Targa 35, SUULUT Targa 37 og MATTA Targa 44. Alle tre b\u00e5de er med plads til 12 passager og har farttilladelse som godkendt passagerfart\u00f8j med hel\u00e5rlig indensk\u00e6rs og kystn\u00e6r sejlads langs Gr\u00f8nlands kyster med hjemsted i Maniitsoq.<\/p>\n\n\n\n<p>MATTA&nbsp;tager sig prim\u00e6rt af rutesejlads mellem Maniitsoq og Nuuk og BOLATTA tager sig af bygdeturene og alm. Chartersejlads. SUULUT aflaster de 2 andre.<\/p>\n\n\n\n<p>Er du strandet og ikke kan komme videre med fly \u2013 s\u00e5 har vi skibet !<\/p>\n\n\n\n<p>Maniitsoq Tour Boat tager sig ikke blot af sejladser mellem bygderne og byerne.<br>&nbsp;<br>Du har ogs\u00e5 mulighed for at chartre vores b\u00e5de.<\/p>\n\n\n\n<figure class=\"wp-block-image size-full\"><img loading=\"lazy\" decoding=\"async\" width=\"640\" height=\"426\" src=\"https:\/\/mtb.cms.gl\/wp-content\/uploads\/2022\/11\/Bolatta_2.jpg\" alt=\"\" class=\"wp-image-19\" srcset=\"https:\/\/mtb.gl\/wp-content\/uploads\/2022\/11\/Bolatta_2.jpg 640w, https:\/\/mtb.gl\/wp-content\/uploads\/2022\/11\/Bolatta_2-300x200.jpg 300w\" sizes=\"auto, (max-width: 640px) 100vw, 640px\" \/><\/figure>\n","protected":false},"excerpt":{"rendered":"<p>Maniitsoq Tour Boat ApS er et lille rederi der har 3 b\u00e5de: BOLATTA Targa 35, SUULUT Targa 37 og MATTA Targa 44. Alle tre b\u00e5de er med plads til 12 passager og har farttilladelse som godkendt passagerfart\u00f8j med hel\u00e5rlig indensk\u00e6rs og kystn\u00e6r sejlads langs Gr\u00f8nlands kyster med hjemsted i Maniitsoq. MATTA&nbsp;tager sig prim\u00e6rt af rutesejlads [&hellip;]<\/p>\n","protected":false},"author":1,"featured_media":0,"parent":0,"menu_order":0,"comment_status":"closed","ping_status":"closed","template":"templates\/template-full-width.php","meta":{"inline_featured_image":false,"ngg_post_thumbnail":0,"footnotes":""},"class_list":["post-2","page","type-page","status-publish","hentry"],"translation":{"provider":"WPGlobus","version":"3.0.2","language":"kl","enabled_languages":["da","en","kl"],"languages":{"da":{"title":true,"content":true,"excerpt":false},"en":{"title":true,"content":true,"excerpt":false},"kl":{"title":false,"content":false,"excerpt":false}}},"_links":{"self":[{"href":"https:\/\/mtb.gl\/kl\/wp-json\/wp\/v2\/pages\/2","targetHints":{"allow":["GET"]}}],"collection":[{"href":"https:\/\/mtb.gl\/kl\/wp-json\/wp\/v2\/pages"}],"about":[{"href":"https:\/\/mtb.gl\/kl\/wp-json\/wp\/v2\/types\/page"}],"author":[{"embeddable":true,"href":"https:\/\/mtb.gl\/kl\/wp-json\/wp\/v2\/users\/1"}],"replies":[{"embeddable":true,"href":"https:\/\/mtb.gl\/kl\/wp-json\/wp\/v2\/comments?post=2"}],"version-history":[{"count":6,"href":"https:\/\/mtb.gl\/kl\/wp-json\/wp\/v2\/pages\/2\/revisions"}],"predecessor-version":[{"id":246,"href":"https:\/\/mtb.gl\/kl\/wp-json\/wp\/v2\/pages\/2\/revisions\/246"}],"wp:attachment":[{"href":"https:\/\/mtb.gl\/kl\/wp-json\/wp\/v2\/media?parent=2"}],"curies":[{"name":"wp","href":"https:\/\/api.w.org\/{rel}","templated":true}]}}